{"id":622,"date":"2018-08-30T09:34:23","date_gmt":"2018-08-30T07:34:23","guid":{"rendered":"https:\/\/www.scl-bv.com\/privacy-statement\/"},"modified":"2018-08-30T09:34:24","modified_gmt":"2018-08-30T07:34:24","slug":"privacy-statement","status":"publish","type":"page","link":"https:\/\/www.scl-bv.com\/de\/privacy-statement\/","title":{"rendered":"Privacy Statement"},"content":{"rendered":"<div class=\"fusion-fullwidth fullwidth-box fusion-builder-row-1 nonhundred-percent-fullwidth non-hundred-percent-height-scrolling\" style=\"--awb-border-radius-top-left:0px;--awb-border-radius-top-right:0px;--awb-border-radius-bottom-right:0px;--awb-border-radius-bottom-left:0px;--awb-flex-wrap:wrap;\" ><div class=\"fusion-builder-row fusion-row\"><div class=\"fusion-layout-column fusion_builder_column fusion-builder-column-0 fusion_builder_column_1_5 1_5 fusion-one-fifth fusion-column-first\" style=\"--awb-bg-size:cover;width:20%;width:calc(20% - ( ( 4% + 4% ) * 0.2 ) );margin-right: 4%;\"><div class=\"fusion-column-wrapper fusion-flex-column-wrapper-legacy\"><div class=\"fusion-clearfix\"><\/div><\/div><\/div><div class=\"fusion-layout-column fusion_builder_column fusion-builder-column-1 fusion_builder_column_3_5 3_5 fusion-three-fifth\" style=\"--awb-bg-size:cover;width:60%;width:calc(60% - ( ( 4% + 4% ) * 0.6 ) );margin-right: 4%;\"><div class=\"fusion-column-wrapper fusion-flex-column-wrapper-legacy\"><div class=\"fusion-text fusion-text-1\"><p><strong>Stella Container Logistics B.V.<br \/>\n<\/strong>Stella Container Logistics B.V., mit Gesch\u00e4ftssitz Seattleweg 11, 3195 ND Rotterdam, Niederlande, ist gem\u00e4\u00df den Angaben in dieser Datenschutzerkl\u00e4rung die Verantwortliche f\u00fcr die Verarbeitung von personenbezogenen Daten.<\/p>\n<p><em>Kontaktdaten:<br \/>\n<\/em>http:\/\/scl-bv.com Seattleweg 11, NL-3195 ND Rotterdam +31 10 2940100<\/p>\n<p><em>Welche personenbezogenen Daten werden von uns verarbeitet?<br \/>\n<\/em>Die Verarbeitung Ihrer personenbezogenen Daten durch Stella Container Logistics B.V. erfolgt aufgrund Ihrer Nutzung unserer Dienstleistungen und\/oder der Bereitstellung dieser Daten durch Sie. Die nachstehende \u00dcbersicht zeigt Ihnen, welche personenbezogenen Daten wir von Ihnen verarbeiten:<\/p>\n<ul>\n<li>Vor- und Nachname;<\/li>\n<li>Geschlecht;<\/li>\n<li>Geburtsdatum;<\/li>\n<li>Geburtsort;<\/li>\n<li>Anschrift;<\/li>\n<li>Telefonnummer;<\/li>\n<li>E-Mail-Adresse<\/li>\n<li>sonstige personenbezogenen Daten, welche Sie z. B. durch die Erstellung eines Profils auf unserer Website, w\u00e4hrend unserer Korrespondenz oder eines Telefongespr\u00e4chs aktiv bereitstellen;<\/li>\n<li>Ortsangaben;<\/li>\n<li>Liste mit Kontaktdaten des Kunden \u00fcber eine App sowie<\/li>\n<\/ul>\n<p><em>Welche besonderen und\/oder sensiblen personenbezogenen Daten werden von uns verarbeitet:<br \/>\n<\/em>Stella Container Logistics B.V. verarbeitet die folgenden besonderen und\/oder sensiblen personenbezogenen Daten von Ihnen:<\/p>\n<ul>\n<li>Fotos von Fahrern.<\/li>\n<\/ul>\n<p><em>Zu welchem Zweck und auf welcher Grundlage erfolgt die Verarbeitung Ihrer personenbezogenen Daten:<br \/>\n<\/em>Stella Container Logistics B.V. verarbeitet Ihre personenbezogenen Daten f\u00fcr die nachstehenden Zwecke:<\/p>\n<ul>\n<li>Abwicklung Ihrer Zahlung;<\/li>\n<li>telefonische oder per E-Mail erfolgende Kontaktaufnahme mit Ihnen, sofern dies f\u00fcr die Erbringung unserer Dienstleistungen erforderlich ist;<\/li>\n<li>Lieferung unserer Produkte und Dienstleistungen an Sie sowie<\/li>\n<\/ul>\n<p>Wenn die personenbezogenen Daten von Stella Container Logistics B.V. aufgrund einer gesetzlichen Verpflichtung, so zum Beispiel die f\u00fcr unsere Steuererkl\u00e4rung notwendigen Daten, verarbeitet werden m\u00fcssen.<\/p>\n<p><em>Automatisierte Beschlussfassung:<br \/>\n<\/em>Stella Container Logistics B.V. trifft keinerlei Entscheidungen mit ggf. (weitreichenden) Folgen f\u00fcr Personen, welche auf automatisierter Verarbeitung beruhen. Dies sind Beschl\u00fcsse, welche aus einer Verarbeitung durch Computerprogramme oder -systeme, ohne dass bei diesen ein menschliches Eingreifen (z. B. durch einen Mitarbeiter von Stella Container Logistics B.V.)\u00a0 erfolgte, hervorgehen.<\/p>\n<p><em>\u00dcber welchen Zeitraum werden Ihre personenbezogenen Daten aufbewahrt:<br \/>\n<\/em>Stella Container Logistics B.V speichert Ihre personenbezogenen Daten ausschlie\u00dflich f\u00fcr den Zeitraum, welcher f\u00fcr die Erreichung der Zwecke, f\u00fcr welche Ihre Daten erhoben werden, unbedingt notwendig ist. Hierbei gelten bei uns f\u00fcr die nachfolgenden Daten die folgenden Aufbewahrungsfristen:<br \/>\nPersonaldaten: die gesetzlich vorgeschriebene Frist, Grund: Gesetzgebung<br \/>\nBewerberinnen\/Bewerber: 4 Wochen nach Beschluss der Ablehnung, Grund: Gesetzgebung.<\/p>\n<p><em>Austausch von personenbezogenen Daten mit Drittparteien:<br \/>\n<\/em>Stella Container Logistics B.V. tauscht personenbezogene Daten nur dann mit Dritten aus, sofern dies f\u00fcr die Erf\u00fcllung unseres Vertrages oder das Nachkommen einer gesetzlichen Verpflichtung erforderlich ist.<\/p>\n<p><em>Von uns verwendete Cookies oder vergleichbare Techniken:<br \/>\n<\/em>Bei Stella Container Logistics B.V. kommen ausschlie\u00dflich technische und funktionelle Cookies zur Anwendung. Hierzu geh\u00f6ren auch Analyse-Cookies, welche Ihre Privatsph\u00e4re nicht verletzen. Cookies sind kleine Textdateien, welche bei Ihrem ersten Besuch auf dieser Website im Browser Ihres Computers, Tablets oder Smartphones gespeichert werden. Die von uns verwendeten Cookies sind f\u00fcr die technische Funktion der Website sowie f\u00fcr Ihre Nutzerfreundlichkeit notwendig. Sie sorgen daf\u00fcr, dass die Website ordnungsgem\u00e4\u00df funktioniert und beispielsweise die von Ihnen vorgenommenen Einstellungen gespeichert werden. Au\u00dferdem helfen diese uns bei der Optimierung unserer Website. Sie k\u00f6nnen Cookies deaktivieren, indem Sie Ihren Internetbrowser so einstellen, dass dieser keine Cookies mehr speichert. Zudem k\u00f6nnen Sie s\u00e4mtliche zu einem fr\u00fcheren Zeitpunkt gespeicherten Daten \u00fcber die Einstellungen Ihres Browsers l\u00f6schen..<\/p>\n<p><em>Einsichtnahme in Daten, Anpassung oder L\u00f6schung:<br \/>\n<\/em>Sie haben das Recht, Einsicht in Ihre personenbezogenen Daten zu nehmen, diese zu berichtigen oder zu l\u00f6schen. Zudem haben Sie das Recht, Ihre Zustimmung zur Datenverarbeitung zu widerrufen, Einspruch gegen die Verarbeitung Ihrer personenbezogenen Daten durch Stella Container Logistics B.V. einzulegen sowie auf \u00dcbertragung Ihrer Daten an eine Drittpartei. Das hei\u00dft, dass Sie uns einen Antrag dahingehend stellen k\u00f6nnen, die von uns \u00fcber Sie in einer Datei gef\u00fchrten personenbezogenen Daten an Sie selbst oder an eine von Ihnen benannte Organisation zu senden. Einen solchen Antrag auf Einsichtnahme, Berichtigung, L\u00f6schung sowie die \u00dcbertragung Ihrer personenbezogenen Daten, Widerruf Ihrer Zustimmung oder auf Einspruch gegen die Verarbeitung Ihrer personenbezogenen Daten k\u00f6nnen Sie an die folgende E-Mail-Adresse senden: <a href=\"mailto:info@scl-bv.com\">info@scl-bv.com<\/a>. Damit wir uns vergewissern k\u00f6nnen, dass der Antrag auf Einsichtnahme auch von Ihnen stammt, bitten wir Sie darum, zu diesem Antrag eine Kopie Ihres Personalausweises beizuf\u00fcgen bzw. anzuh\u00e4ngen. Bitte machen Sie in dieser Kopie Ihr Passbild, die MRZ (machine readable zone, also den Streifen mit den Nummern auf der Unterseite Ihres Ausweises), die Ausweisnummer sowie die niederl\u00e4ndische B\u00fcrgerservicenummer (BSN) unkenntlich. Dies dient dem Schutz Ihrer Privatsph\u00e4re. Ihr Antrag wird dann m\u00f6glichst umgehend, innerhalb jedoch von vier Wochen bearbeitet. Des Weiteren weist Stella Container Logistics B.V. Sie auf die M\u00f6glichkeit hin, eine Beschwerde bei der jeweils zust\u00e4ndigen Datenschutzbeh\u00f6rde Ihres Landes (in NL: die Autoriteit Persoonsgegevens) einzulegen. Dies ist \u00fcber den nachstehenden Link m\u00f6glich: <a href=\"https:\/\/autoriteitpersoonsgegevens.nl\/nl\/contact-met-de-autoriteit-persoonsgegevens\/tip-ons\">https:\/\/autoriteitpersoonsgegevens.nl\/nl\/contact-met-de-autoriteit-persoonsgegevens\/tip-ons<\/a><\/p>\n<p><em>Wie werden Ihre personenbezogenen Daten von uns gesch\u00fctzt:<br \/>\n<\/em>Stella Container Logistics B.V ist der Schutz Ihrer Daten sehr wichtig. Daher treffen wir geeignete Ma\u00dfnahmen zum Schutz vor Missbrauch, Verlust, unbefugtem Zugang, unerw\u00fcnschter Offenlegung und unbefugter \u00c4nderung. Sofern Sie jedoch den Eindruck haben, dass Ihre Daten nicht ausreichend gesch\u00fctzt sind oder Sie Missbrauch vermuten, so wenden Sie sich bitte an unseren Kundenservice oder an die E-Mail-Adresse <a href=\"mailto:info@scl-bv.com\">info@scl-bv.com<\/a>.<\/p>\n<p>&nbsp;<\/p>\n<\/div><div class=\"fusion-clearfix\"><\/div><\/div><\/div><div class=\"fusion-layout-column fusion_builder_column fusion-builder-column-2 fusion_builder_column_1_5 1_5 fusion-one-fifth fusion-column-last\" style=\"--awb-bg-size:cover;width:20%;width:calc(20% - ( ( 4% + 4% ) * 0.2 ) );\"><div class=\"fusion-column-wrapper fusion-flex-column-wrapper-legacy\"><div class=\"fusion-clearfix\"><\/div><\/div><\/div><\/div><\/div>\n","protected":false},"excerpt":{"rendered":"","protected":false},"author":1,"featured_media":0,"parent":0,"menu_order":0,"comment_status":"closed","ping_status":"closed","template":"","meta":{"footnotes":""},"class_list":["post-622","page","type-page","status-publish","hentry"],"yoast_head":"<!-- This site is optimized with the Yoast SEO plugin v27.4 - https:\/\/yoast.com\/product\/yoast-seo-wordpress\/ -->\n<title>Privacy Statement - Stella Container Logistics<\/title>\n<meta name=\"robots\" content=\"index, follow, max-snippet:-1, max-image-preview:large, max-video-preview:-1\" \/>\n<link rel=\"canonical\" href=\"https:\/\/www.scl-bv.com\/de\/privacy-statement\/\" \/>\n<meta property=\"og:locale\" content=\"de_DE\" \/>\n<meta property=\"og:type\" content=\"article\" \/>\n<meta property=\"og:title\" content=\"Privacy Statement - Stella Container Logistics\" \/>\n<meta property=\"og:url\" content=\"https:\/\/www.scl-bv.com\/de\/privacy-statement\/\" \/>\n<meta property=\"og:site_name\" content=\"Stella Container Logistics\" \/>\n<meta property=\"article:modified_time\" content=\"2018-08-30T07:34:24+00:00\" \/>\n<meta name=\"twitter:card\" content=\"summary_large_image\" \/>\n<meta name=\"twitter:label1\" content=\"Gesch\u00e4tzte Lesezeit\" \/>\n\t<meta name=\"twitter:data1\" content=\"6\u00a0Minuten\" \/>\n<script type=\"application\/ld+json\" class=\"yoast-schema-graph\">{\"@context\":\"https:\\\/\\\/schema.org\",\"@graph\":[{\"@type\":\"WebPage\",\"@id\":\"https:\\\/\\\/www.scl-bv.com\\\/de\\\/privacy-statement\\\/\",\"url\":\"https:\\\/\\\/www.scl-bv.com\\\/de\\\/privacy-statement\\\/\",\"name\":\"Privacy Statement - Stella Container Logistics\",\"isPartOf\":{\"@id\":\"https:\\\/\\\/www.scl-bv.com\\\/de\\\/#website\"},\"datePublished\":\"2018-08-30T07:34:23+00:00\",\"dateModified\":\"2018-08-30T07:34:24+00:00\",\"breadcrumb\":{\"@id\":\"https:\\\/\\\/www.scl-bv.com\\\/de\\\/privacy-statement\\\/#breadcrumb\"},\"inLanguage\":\"de\",\"potentialAction\":[{\"@type\":\"ReadAction\",\"target\":[\"https:\\\/\\\/www.scl-bv.com\\\/de\\\/privacy-statement\\\/\"]}]},{\"@type\":\"BreadcrumbList\",\"@id\":\"https:\\\/\\\/www.scl-bv.com\\\/de\\\/privacy-statement\\\/#breadcrumb\",\"itemListElement\":[{\"@type\":\"ListItem\",\"position\":1,\"name\":\"Home\",\"item\":\"https:\\\/\\\/www.scl-bv.com\\\/de\\\/\"},{\"@type\":\"ListItem\",\"position\":2,\"name\":\"Privacy Statement\"}]},{\"@type\":\"WebSite\",\"@id\":\"https:\\\/\\\/www.scl-bv.com\\\/de\\\/#website\",\"url\":\"https:\\\/\\\/www.scl-bv.com\\\/de\\\/\",\"name\":\"Stella Container Logistics\",\"description\":\"Your partner for one-way container transport\",\"potentialAction\":[{\"@type\":\"SearchAction\",\"target\":{\"@type\":\"EntryPoint\",\"urlTemplate\":\"https:\\\/\\\/www.scl-bv.com\\\/de\\\/?s={search_term_string}\"},\"query-input\":{\"@type\":\"PropertyValueSpecification\",\"valueRequired\":true,\"valueName\":\"search_term_string\"}}],\"inLanguage\":\"de\"}]}<\/script>\n<!-- \/ Yoast SEO plugin. -->","yoast_head_json":{"title":"Privacy Statement - Stella Container Logistics","robots":{"index":"index","follow":"follow","max-snippet":"max-snippet:-1","max-image-preview":"max-image-preview:large","max-video-preview":"max-video-preview:-1"},"canonical":"https:\/\/www.scl-bv.com\/de\/privacy-statement\/","og_locale":"de_DE","og_type":"article","og_title":"Privacy Statement - Stella Container Logistics","og_url":"https:\/\/www.scl-bv.com\/de\/privacy-statement\/","og_site_name":"Stella Container Logistics","article_modified_time":"2018-08-30T07:34:24+00:00","twitter_card":"summary_large_image","twitter_misc":{"Gesch\u00e4tzte Lesezeit":"6\u00a0Minuten"},"schema":{"@context":"https:\/\/schema.org","@graph":[{"@type":"WebPage","@id":"https:\/\/www.scl-bv.com\/de\/privacy-statement\/","url":"https:\/\/www.scl-bv.com\/de\/privacy-statement\/","name":"Privacy Statement - Stella Container Logistics","isPartOf":{"@id":"https:\/\/www.scl-bv.com\/de\/#website"},"datePublished":"2018-08-30T07:34:23+00:00","dateModified":"2018-08-30T07:34:24+00:00","breadcrumb":{"@id":"https:\/\/www.scl-bv.com\/de\/privacy-statement\/#breadcrumb"},"inLanguage":"de","potentialAction":[{"@type":"ReadAction","target":["https:\/\/www.scl-bv.com\/de\/privacy-statement\/"]}]},{"@type":"BreadcrumbList","@id":"https:\/\/www.scl-bv.com\/de\/privacy-statement\/#breadcrumb","itemListElement":[{"@type":"ListItem","position":1,"name":"Home","item":"https:\/\/www.scl-bv.com\/de\/"},{"@type":"ListItem","position":2,"name":"Privacy Statement"}]},{"@type":"WebSite","@id":"https:\/\/www.scl-bv.com\/de\/#website","url":"https:\/\/www.scl-bv.com\/de\/","name":"Stella Container Logistics","description":"Your partner for one-way container transport","potentialAction":[{"@type":"SearchAction","target":{"@type":"EntryPoint","urlTemplate":"https:\/\/www.scl-bv.com\/de\/?s={search_term_string}"},"query-input":{"@type":"PropertyValueSpecification","valueRequired":true,"valueName":"search_term_string"}}],"inLanguage":"de"}]}},"_links":{"self":[{"href":"https:\/\/www.scl-bv.com\/de\/wp-json\/wp\/v2\/pages\/622","targetHints":{"allow":["GET"]}}],"collection":[{"href":"https:\/\/www.scl-bv.com\/de\/wp-json\/wp\/v2\/pages"}],"about":[{"href":"https:\/\/www.scl-bv.com\/de\/wp-json\/wp\/v2\/types\/page"}],"author":[{"embeddable":true,"href":"https:\/\/www.scl-bv.com\/de\/wp-json\/wp\/v2\/users\/1"}],"replies":[{"embeddable":true,"href":"https:\/\/www.scl-bv.com\/de\/wp-json\/wp\/v2\/comments?post=622"}],"version-history":[{"count":0,"href":"https:\/\/www.scl-bv.com\/de\/wp-json\/wp\/v2\/pages\/622\/revisions"}],"wp:attachment":[{"href":"https:\/\/www.scl-bv.com\/de\/wp-json\/wp\/v2\/media?parent=622"}],"curies":[{"name":"wp","href":"https:\/\/api.w.org\/{rel}","templated":true}]}}