{"id":245,"date":"2017-05-31T11:07:27","date_gmt":"2017-05-31T09:07:27","guid":{"rendered":"https:\/\/www.scl-bv.com\/transport\/"},"modified":"2025-07-18T17:09:33","modified_gmt":"2025-07-18T15:09:33","slug":"transport","status":"publish","type":"page","link":"https:\/\/www.scl-bv.com\/de\/transport\/","title":{"rendered":"Transport"},"content":{"rendered":"<p><div class=\"fusion-fullwidth fullwidth-box fusion-builder-row-1 nonhundred-percent-fullwidth non-hundred-percent-height-scrolling\" style=\"--awb-border-radius-top-left:0px;--awb-border-radius-top-right:0px;--awb-border-radius-bottom-right:0px;--awb-border-radius-bottom-left:0px;--awb-padding-top:50px;--awb-padding-bottom:50px;--awb-background-color:#ececed;--awb-flex-wrap:wrap;\" ><div class=\"fusion-builder-row fusion-row\"><div class=\"fusion-layout-column fusion_builder_column fusion-builder-column-0 fusion_builder_column_1_6 1_6 fusion-one-sixth fusion-column-first\" style=\"--awb-bg-size:cover;width:16.666666666667%;width:calc(16.666666666667% - ( ( 4% + 4% ) * 0.16666666666667 ) );margin-right: 4%;\"><div class=\"fusion-column-wrapper fusion-flex-column-wrapper-legacy\"><div class=\"fusion-clearfix\"><\/div><\/div><\/div><div class=\"fusion-layout-column fusion_builder_column fusion-builder-column-1 fusion_builder_column_2_3 2_3 fusion-two-third\" style=\"--awb-bg-size:cover;width:66.666666666667%;width:calc(66.666666666667% - ( ( 4% + 4% ) * 0.66666666666667 ) );margin-right: 4%;\"><div class=\"fusion-column-wrapper fusion-flex-column-wrapper-legacy\"><div class=\"fusion-text fusion-text-1\"><h2 style=\"text-align: center;\"><strong>Ihr Transport: effizient und zuverl\u00e4ssig<\/strong><\/h2>\n<\/div><div class=\"fusion-sep-clear\"><\/div><div class=\"fusion-separator\" style=\"margin-left: auto;margin-right: auto;margin-bottom:30px;width:100%;max-width:60%;\"><div class=\"fusion-separator-border sep-single sep-solid\" style=\"--awb-height:20px;--awb-amount:20px;--awb-sep-color:#343434;border-color:#343434;border-top-width:1px;\"><\/div><\/div><div class=\"fusion-sep-clear\"><\/div><div class=\"fusion-text fusion-text-2\"><p style=\"text-align: center;\">Stella Container Logistics ist Ihr zuverl\u00e4ssiger Transportpartner f\u00fcr One-Way-Containertransport, K\u00fchlcontainertransport und Transport von Containern mit Gefahrgut. Stella f\u00fchrt den Transport von mehr als 100 (K\u00fchl)containern pro Tag zwischen Antwerpen\/Rotterdam und verschiedenen Destinationen wie S\u00fcddeutschland, Frankreich\/Elsass und der Schweiz. Dank unserer Spezialisierung auf den One-Way-Containertransport \u00a0ist Ihr Transport effizient, zuverl\u00e4ssig und nachhaltiger.<\/p>\n<\/div><div class=\"fusion-clearfix\"><\/div><\/div><\/div><div class=\"fusion-layout-column fusion_builder_column fusion-builder-column-2 fusion_builder_column_1_6 1_6 fusion-one-sixth fusion-column-last\" style=\"--awb-bg-size:cover;width:16.666666666667%;width:calc(16.666666666667% - ( ( 4% + 4% ) * 0.16666666666667 ) );\"><div class=\"fusion-column-wrapper fusion-flex-column-wrapper-legacy\"><div class=\"fusion-clearfix\"><\/div><\/div><\/div><\/div><\/div><div class=\"fusion-fullwidth fullwidth-box fusion-builder-row-2 nonhundred-percent-fullwidth non-hundred-percent-height-scrolling fusion-equal-height-columns\" style=\"--awb-border-radius-top-left:0px;--awb-border-radius-top-right:0px;--awb-border-radius-bottom-right:0px;--awb-border-radius-bottom-left:0px;--awb-padding-top:40px;--awb-padding-bottom:60px;--awb-flex-wrap:wrap;\" ><div class=\"fusion-builder-row fusion-row\"><div class=\"fusion-layout-column fusion_builder_column fusion-builder-column-3 fusion_builder_column_3_5 3_5 fusion-three-fifth fusion-column-first\" style=\"--awb-bg-size:cover;width:60%;width:calc(60% - ( ( 4% ) * 0.6 ) );margin-right: 4%;\"><div class=\"fusion-column-wrapper fusion-flex-column-wrapper-legacy\"><div class=\"fusion-image-element fusion-image-align-right in-legacy-container\" style=\"text-align:right;--awb-caption-title-font-family:var(--h2_typography-font-family);--awb-caption-title-font-weight:var(--h2_typography-font-weight);--awb-caption-title-font-style:var(--h2_typography-font-style);--awb-caption-title-size:var(--h2_typography-font-size);--awb-caption-title-transform:var(--h2_typography-text-transform);--awb-caption-title-line-height:var(--h2_typography-line-height);--awb-caption-title-letter-spacing:var(--h2_typography-letter-spacing);\"><span class=\" fusion-imageframe imageframe-none imageframe-1 hover-type-none\" style=\"margin-left:25px;float:right;\"><img decoding=\"async\" width=\"1024\" height=\"768\" title=\"20170518_135127 (003)\" src=\"https:\/\/www.scl-bv.com\/wp-content\/uploads\/2017\/05\/20170518_135127-003-1024x768.jpg\" alt class=\"img-responsive wp-image-603\" srcset=\"https:\/\/www.scl-bv.com\/wp-content\/uploads\/2017\/05\/20170518_135127-003-200x150.jpg 200w, https:\/\/www.scl-bv.com\/wp-content\/uploads\/2017\/05\/20170518_135127-003-400x300.jpg 400w, https:\/\/www.scl-bv.com\/wp-content\/uploads\/2017\/05\/20170518_135127-003-600x450.jpg 600w, https:\/\/www.scl-bv.com\/wp-content\/uploads\/2017\/05\/20170518_135127-003-800x600.jpg 800w, https:\/\/www.scl-bv.com\/wp-content\/uploads\/2017\/05\/20170518_135127-003-1200x900.jpg 1200w\" sizes=\"(max-width: 800px) 100vw, 600px\" \/><\/span><\/div><div class=\"fusion-clearfix\"><\/div><\/div><\/div><div class=\"fusion-layout-column fusion_builder_column fusion-builder-column-4 fusion_builder_column_2_5 2_5 fusion-two-fifth fusion-column-last\" style=\"--awb-bg-size:cover;width:40%;width:calc(40% - ( ( 4% ) * 0.4 ) );\"><div class=\"fusion-column-wrapper fusion-flex-column-wrapper-legacy\"><div class=\"fusion-text fusion-text-3\"><h3 style=\"text-align: center;\"><strong>Ihr Container jederzeit richtig temperiert:<\/strong><\/h3>\n<\/div><div class=\"fusion-sep-clear\"><\/div><div class=\"fusion-separator\" style=\"margin-left: auto;margin-right: auto;margin-bottom:30px;width:100%;max-width:60%;\"><div class=\"fusion-separator-border sep-single sep-solid\" style=\"--awb-height:20px;--awb-amount:20px;--awb-sep-color:#343434;border-color:#343434;border-top-width:1px;\"><\/div><\/div><div class=\"fusion-sep-clear\"><\/div><div class=\"fusion-text fusion-text-4\" style=\"--awb-text-transform:none;\"><p>Unsere Charter verkehren t\u00e4glich zwischen den H\u00e4fen von Antwerpen\/Rotterdam und S\u00fcddeutschland, Frankreich\/Elsass und der Schweiz. Zwecks optimaler Dienstleistung f\u00fcr Sie verf\u00fcgt Stella \u00fcber 60 Generatorensets. Diese Generatorensets versehen Reefer oder K\u00fchlcontainer mit Strom und eignen sich damit hervorragend f\u00fcr den Transport gek\u00fchlter Waren \u00fcber gro\u00dfe Entfernungen. Dank unserer Generatorensets k\u00f6nnen wir Ihren Container mit der richtigen Temperatur transportieren lassen.<\/p>\n<p>M\u00f6chten Sie mehr \u00fcber die M\u00f6glichkeiten erfahren? <a href=\"https:\/\/www.scl-bv.com\/de\/kontact\/\" target=\"_blank\" rel=\"noopener\">Setzen Sie sich mit uns in Verbindung.<\/a><\/p>\n<\/div><div class=\"fusion-clearfix\"><\/div><\/div><\/div><\/div><\/div><\/p>\n","protected":false},"excerpt":{"rendered":"","protected":false},"author":1,"featured_media":0,"parent":0,"menu_order":0,"comment_status":"closed","ping_status":"closed","template":"100-width.php","meta":{"footnotes":""},"class_list":["post-245","page","type-page","status-publish","hentry"],"yoast_head":"<!-- This site is optimized with the Yoast SEO plugin v27.4 - https:\/\/yoast.com\/product\/yoast-seo-wordpress\/ -->\n<title>Transport - Stella Container Logistics<\/title>\n<meta name=\"robots\" content=\"index, follow, max-snippet:-1, max-image-preview:large, max-video-preview:-1\" \/>\n<link rel=\"canonical\" href=\"https:\/\/www.scl-bv.com\/de\/transport\/\" \/>\n<meta property=\"og:locale\" content=\"de_DE\" \/>\n<meta property=\"og:type\" content=\"article\" \/>\n<meta property=\"og:title\" content=\"Transport - Stella Container Logistics\" \/>\n<meta property=\"og:url\" content=\"https:\/\/www.scl-bv.com\/de\/transport\/\" \/>\n<meta property=\"og:site_name\" content=\"Stella Container Logistics\" \/>\n<meta property=\"article:modified_time\" content=\"2025-07-18T15:09:33+00:00\" \/>\n<meta name=\"twitter:card\" content=\"summary_large_image\" \/>\n<meta name=\"twitter:label1\" content=\"Gesch\u00e4tzte Lesezeit\" \/>\n\t<meta name=\"twitter:data1\" content=\"1\u00a0Minute\" \/>\n<script type=\"application\/ld+json\" class=\"yoast-schema-graph\">{\"@context\":\"https:\\\/\\\/schema.org\",\"@graph\":[{\"@type\":\"WebPage\",\"@id\":\"https:\\\/\\\/www.scl-bv.com\\\/de\\\/transport\\\/\",\"url\":\"https:\\\/\\\/www.scl-bv.com\\\/de\\\/transport\\\/\",\"name\":\"Transport - Stella Container Logistics\",\"isPartOf\":{\"@id\":\"https:\\\/\\\/www.scl-bv.com\\\/de\\\/#website\"},\"datePublished\":\"2017-05-31T09:07:27+00:00\",\"dateModified\":\"2025-07-18T15:09:33+00:00\",\"breadcrumb\":{\"@id\":\"https:\\\/\\\/www.scl-bv.com\\\/de\\\/transport\\\/#breadcrumb\"},\"inLanguage\":\"de\",\"potentialAction\":[{\"@type\":\"ReadAction\",\"target\":[\"https:\\\/\\\/www.scl-bv.com\\\/de\\\/transport\\\/\"]}]},{\"@type\":\"BreadcrumbList\",\"@id\":\"https:\\\/\\\/www.scl-bv.com\\\/de\\\/transport\\\/#breadcrumb\",\"itemListElement\":[{\"@type\":\"ListItem\",\"position\":1,\"name\":\"Home\",\"item\":\"https:\\\/\\\/www.scl-bv.com\\\/de\\\/\"},{\"@type\":\"ListItem\",\"position\":2,\"name\":\"Transport\"}]},{\"@type\":\"WebSite\",\"@id\":\"https:\\\/\\\/www.scl-bv.com\\\/de\\\/#website\",\"url\":\"https:\\\/\\\/www.scl-bv.com\\\/de\\\/\",\"name\":\"Stella Container Logistics\",\"description\":\"Your partner for one-way container transport\",\"potentialAction\":[{\"@type\":\"SearchAction\",\"target\":{\"@type\":\"EntryPoint\",\"urlTemplate\":\"https:\\\/\\\/www.scl-bv.com\\\/de\\\/?s={search_term_string}\"},\"query-input\":{\"@type\":\"PropertyValueSpecification\",\"valueRequired\":true,\"valueName\":\"search_term_string\"}}],\"inLanguage\":\"de\"}]}<\/script>\n<!-- \/ Yoast SEO plugin. -->","yoast_head_json":{"title":"Transport - Stella Container Logistics","robots":{"index":"index","follow":"follow","max-snippet":"max-snippet:-1","max-image-preview":"max-image-preview:large","max-video-preview":"max-video-preview:-1"},"canonical":"https:\/\/www.scl-bv.com\/de\/transport\/","og_locale":"de_DE","og_type":"article","og_title":"Transport - Stella Container Logistics","og_url":"https:\/\/www.scl-bv.com\/de\/transport\/","og_site_name":"Stella Container Logistics","article_modified_time":"2025-07-18T15:09:33+00:00","twitter_card":"summary_large_image","twitter_misc":{"Gesch\u00e4tzte Lesezeit":"1\u00a0Minute"},"schema":{"@context":"https:\/\/schema.org","@graph":[{"@type":"WebPage","@id":"https:\/\/www.scl-bv.com\/de\/transport\/","url":"https:\/\/www.scl-bv.com\/de\/transport\/","name":"Transport - Stella Container Logistics","isPartOf":{"@id":"https:\/\/www.scl-bv.com\/de\/#website"},"datePublished":"2017-05-31T09:07:27+00:00","dateModified":"2025-07-18T15:09:33+00:00","breadcrumb":{"@id":"https:\/\/www.scl-bv.com\/de\/transport\/#breadcrumb"},"inLanguage":"de","potentialAction":[{"@type":"ReadAction","target":["https:\/\/www.scl-bv.com\/de\/transport\/"]}]},{"@type":"BreadcrumbList","@id":"https:\/\/www.scl-bv.com\/de\/transport\/#breadcrumb","itemListElement":[{"@type":"ListItem","position":1,"name":"Home","item":"https:\/\/www.scl-bv.com\/de\/"},{"@type":"ListItem","position":2,"name":"Transport"}]},{"@type":"WebSite","@id":"https:\/\/www.scl-bv.com\/de\/#website","url":"https:\/\/www.scl-bv.com\/de\/","name":"Stella Container Logistics","description":"Your partner for one-way container transport","potentialAction":[{"@type":"SearchAction","target":{"@type":"EntryPoint","urlTemplate":"https:\/\/www.scl-bv.com\/de\/?s={search_term_string}"},"query-input":{"@type":"PropertyValueSpecification","valueRequired":true,"valueName":"search_term_string"}}],"inLanguage":"de"}]}},"_links":{"self":[{"href":"https:\/\/www.scl-bv.com\/de\/wp-json\/wp\/v2\/pages\/245","targetHints":{"allow":["GET"]}}],"collection":[{"href":"https:\/\/www.scl-bv.com\/de\/wp-json\/wp\/v2\/pages"}],"about":[{"href":"https:\/\/www.scl-bv.com\/de\/wp-json\/wp\/v2\/types\/page"}],"author":[{"embeddable":true,"href":"https:\/\/www.scl-bv.com\/de\/wp-json\/wp\/v2\/users\/1"}],"replies":[{"embeddable":true,"href":"https:\/\/www.scl-bv.com\/de\/wp-json\/wp\/v2\/comments?post=245"}],"version-history":[{"count":0,"href":"https:\/\/www.scl-bv.com\/de\/wp-json\/wp\/v2\/pages\/245\/revisions"}],"wp:attachment":[{"href":"https:\/\/www.scl-bv.com\/de\/wp-json\/wp\/v2\/media?parent=245"}],"curies":[{"name":"wp","href":"https:\/\/api.w.org\/{rel}","templated":true}]}}